{"id":22887,"date":"2022-11-13T16:44:41","date_gmt":"2022-11-13T15:44:41","guid":{"rendered":"https:\/\/www.mihai.de\/affichagesauvage\/"},"modified":"2022-11-16T13:50:54","modified_gmt":"2022-11-16T12:50:54","slug":"affichagesauvage","status":"publish","type":"page","link":"https:\/\/www.mihai.de\/fr\/affichagesauvage\/","title":{"rendered":"Affichage sauvage"},"content":{"rendered":"<div class=\"wpb-content-wrapper\"><p>[vc_row row_type=\u00a0\u00bbrow\u00a0\u00bb use_row_as_full_screen_section=\u00a0\u00bbno\u00a0\u00bb type=\u00a0\u00bbfull_width\u00a0\u00bb text_align=\u00a0\u00bbleft\u00a0\u00bb background_animation=\u00a0\u00bbfrom-right\u00a0\u00bb css_animation=\u00a0\u00bb\u00a0\u00bb bwd_show_when_date=\u00a0\u00bb__\/__\/____ __:__\u00a0\u00bb bwd_show_when_date_end=\u00a0\u00bb__\/__\/____ __:__\u00a0\u00bb el_class=\u00a0\u00bbfull_section_centered_content\u00a0\u00bb][vc_column css_animation=\u00a0\u00bbfadeInDown\u00a0\u00bb offset=\u00a0\u00bbvc_col-lg-6 vc_col-md-12 vc_col-sm-offset-0 vc_col-xs-12&Prime;][vc_column_text]<\/p>\n<h1>Sauvage, cr\u00e9atif, mais l\u00e9gal.<\/h1>\n<p>[\/vc_column_text][vc_empty_space height=\u00a0\u00bb30px\u00a0\u00bb][vc_column_text]<strong>NOUS PLA\u00c7ONS VOTRE MARQUE DIRECTEMENT DANS LA RUE ET LA RENDONS DURABLEMENT VISIBLE POUR VOTRE GROUPE CIBLE.<\/strong><\/p>\n<p>&nbsp;<\/p>\n<p>Gr\u00e2ce \u00e0 notre grande vari\u00e9t\u00e9 de m\u00e9dias et d&#8217;emplacements, nous vous proposons l&rsquo;espace publicitaire qui vous convient le mieux pour promouvoir votre produit avec succ\u00e8s. Les espaces publicitaires r\u00e9serv\u00e9s en toute l\u00e9galit\u00e9 garantissent \u00e0 votre motif de produire son effet aussi longtemps que vous le souhaitez et emp\u00eache qu&rsquo;il soit sur-affich\u00e9.<\/p>\n<p>&nbsp;<\/p>\n<p><strong>Ainsi, votre publicit\u00e9 restera longtemps l\u00e0 o\u00f9 elle doit \u00eatre \u2013 dans l&rsquo;esprit de votre groupe cible.<\/strong><br \/>\nN\u2019h\u00e9sitez pas \u00e0 <a href=\"https:\/\/www.mihai.de\/fr\/contact\/\">nous contacter<\/a>, nous vous conseillerons rapidement, directement et en toute ind\u00e9pendance.[\/vc_column_text][vc_empty_space height=\u00a0\u00bb30px\u00a0\u00bb]<a href=\"https:\/\/www.mihai.de\/fr\/#medias\" target=\"_self\"  class=\"qbutton  qbutton_with_icon\" style=\"\">Nos espaces publicitaires l\u00e9gaux<i class=\"qode_icon_font_awesome fa fa-caret-right button_icon\" style=\"\" ><\/i><\/a>[\/vc_column][vc_column css_animation=\u00a0\u00bbfadeIn\u00a0\u00bb css=\u00a0\u00bb.vc_custom_1667982151966{background-position: center !important;background-repeat: no-repeat !important;background-size: cover !important;}\u00a0\u00bb offset=\u00a0\u00bbvc_col-lg-6 vc_col-md-12 vc_col-xs-12&Prime; el_id=\u00a0\u00bbwildplakatierung-slider\u00a0\u00bb]\n\t\t\t\t<p class=\"rs-p-wp-fix\"><\/p>\n\t\t\t\t<sr7-module data-alias=\"wildplakatierung\" data-id=\"2\" id=\"wildplakat\" class=\"rs-ov-hidden\" data-version=\"6.7.54\">\n\t\t\t\t\t<sr7-adjuster><\/sr7-adjuster>\n\t\t\t\t\t<sr7-content>\n\t\t\t\t\t\t<sr7-slide id=\"wildplakat-22\" data-key=\"22\">\n\t\t\t\t\t\t\t<sr7-bg id=\"wildplakat-22-1\" class=\"sr7-layer\"><noscript><img decoding=\"async\" src=\"https:\/\/www.mihai.de\/wp-content\/uploads\/2022\/11\/plakatierung-hauswand.jpg\" alt=\"Plakatierung auf Hauswand\" title=\"plakatierung-hauswand\"><\/noscript><\/sr7-bg>\n\t\t\t\t\t\t<\/sr7-slide>\n\t\t\t\t\t\t<sr7-slide id=\"wildplakat-23\" data-key=\"23\">\n\t\t\t\t\t\t\t<sr7-bg id=\"wildplakat-23-1\" class=\"sr7-layer\"><noscript><img decoding=\"async\" src=\"https:\/\/www.mihai.de\/wp-content\/uploads\/2022\/11\/szeneplakatierung.jpg\" alt=\"Szeneplakatierung in Berlin\" title=\"szeneplakatierung\"><\/noscript><\/sr7-bg>\n\t\t\t\t\t\t<\/sr7-slide>\n\t\t\t\t\t\t<sr7-slide id=\"wildplakat-20\" data-key=\"20\">\n\t\t\t\t\t\t\t<sr7-bg id=\"wildplakat-20-1\" class=\"sr7-layer\"><noscript><img decoding=\"async\" src=\"https:\/\/www.mihai.de\/wp-content\/uploads\/2022\/11\/plakate-in-unterfuehrung.jpg\" alt=\"Plakate in Unterf\u00fchrung\" title=\"plakate-in-unterfuehrung\"><\/noscript><\/sr7-bg>\n\t\t\t\t\t\t<\/sr7-slide>\n\t\t\t\t\t\t<sr7-slide id=\"wildplakat-21\" data-key=\"21\">\n\t\t\t\t\t\t\t<sr7-bg id=\"wildplakat-21-1\" class=\"sr7-layer\"><noscript><img decoding=\"async\" src=\"https:\/\/www.mihai.de\/wp-content\/uploads\/2022\/11\/legale-werbeflaechen.jpg\" alt=\"Legale Werbefl\u00e4chen in Berlin\" title=\"legale-werbeflaechen\"><\/noscript><\/sr7-bg>\n\t\t\t\t\t\t<\/sr7-slide>\n\t\t\t\t\t\t<sr7-slide id=\"wildplakat-24\" data-key=\"24\">\n\t\t\t\t\t\t\t<sr7-bg id=\"wildplakat-24-1\" class=\"sr7-layer\"><noscript><img decoding=\"async\" src=\"https:\/\/www.mihai.de\/wp-content\/uploads\/2022\/11\/wildplakatierung-berlin.jpg\" alt=\"Legale Werbung in Berlin\" title=\"wildplakatierung-berlin\"><\/noscript><\/sr7-bg>\n\t\t\t\t\t\t<\/sr7-slide>\n\t\t\t\t\t\t<sr7-slide id=\"wildplakat-41\" data-key=\"41\">\n\t\t\t\t\t\t<\/sr7-slide>\n\t\t\t\t\t<\/sr7-content>\n\t\t\t\t\t<image_lists style=\"display:none\">\n\t\t\t\t\t\t<img data-src=\"\/\/www.mihai.de\/wp-content\/uploads\/2022\/11\/plakate-in-unterfuehrung.jpg\" data-libid=\"22873\" data-lib=\"medialibrary\" alt=\"Plakate in Unterf\u00fchrung\" title=\"plakate-in-unterfuehrung\" width=\"0\" height=\"0\" data-dbsrc=\"Ly93d3cubWloYWkuZGUvd3AtY29udGVudC91cGxvYWRzLzIwMjIvMTEvcGxha2F0ZS1pbi11bnRlcmZ1ZWhydW5nLmpwZw==\"\/>\n\t\t\t\t\t\t<img data-src=\"\/\/www.mihai.de\/wp-content\/uploads\/2022\/11\/legale-werbeflaechen.jpg\" data-libid=\"22876\" data-lib=\"medialibrary\" alt=\"Legale Werbefl\u00e4chen in Berlin\" title=\"legale-werbeflaechen\" width=\"0\" height=\"0\" data-dbsrc=\"Ly93d3cubWloYWkuZGUvd3AtY29udGVudC91cGxvYWRzLzIwMjIvMTEvbGVnYWxlLXdlcmJlZmxhZWNoZW4uanBn\"\/>\n\t\t\t\t\t\t<img data-src=\"\/\/www.mihai.de\/wp-content\/uploads\/2022\/11\/plakatierung-hauswand.jpg\" data-libid=\"22870\" data-lib=\"medialibrary\" alt=\"Plakatierung auf Hauswand\" title=\"plakatierung-hauswand\" width=\"0\" height=\"0\" data-dbsrc=\"Ly93d3cubWloYWkuZGUvd3AtY29udGVudC91cGxvYWRzLzIwMjIvMTEvcGxha2F0aWVydW5nLWhhdXN3YW5kLmpwZw==\"\/>\n\t\t\t\t\t\t<img data-src=\"\/\/www.mihai.de\/wp-content\/uploads\/2022\/11\/szeneplakatierung.jpg\" data-libid=\"22868\" data-lib=\"medialibrary\" alt=\"Szeneplakatierung in Berlin\" title=\"szeneplakatierung\" width=\"0\" height=\"0\" data-dbsrc=\"Ly93d3cubWloYWkuZGUvd3AtY29udGVudC91cGxvYWRzLzIwMjIvMTEvc3plbmVwbGFrYXRpZXJ1bmcuanBn\"\/>\n\t\t\t\t\t\t<img data-src=\"\/\/www.mihai.de\/wp-content\/uploads\/2022\/11\/wildplakatierung-berlin.jpg\" data-libid=\"22865\" data-lib=\"medialibrary\" alt=\"Legale Werbung in Berlin\" title=\"wildplakatierung-berlin\" width=\"0\" height=\"0\" data-dbsrc=\"Ly93d3cubWloYWkuZGUvd3AtY29udGVudC91cGxvYWRzLzIwMjIvMTEvd2lsZHBsYWthdGllcnVuZy1iZXJsaW4uanBn\"\/>\n\t\t\t\t\t\t<img data-src=\"\/\/www.mihai.de\/wp-content\/uploads\/2022\/11\/wildplakatierung-rahmen.png\" data-libid=\"22858\" title=\"wildplakatierung-rahmen\" width=\"0\" height=\"0\" data-dbsrc=\"Ly93d3cubWloYWkuZGUvd3AtY29udGVudC91cGxvYWRzLzIwMjIvMTEvd2lsZHBsYWthdGllcnVuZy1yYWhtZW4ucG5n\"\/>\n\t\t\t\t\t<\/image_lists>\n\t\t\t\t<\/sr7-module>\n\t\t\t\t<script>\n\t\t\t\t\twindow.SR7 ??={};SR7.PMH ??={}; SR7.PMH[\"wildplakat\"] = {cn:100,state:false,fn: function() { if (window._tpt!==undefined && window._tpt.prepareModuleHeight !== undefined) {  _tpt.prepareModuleHeight({id:\"wildplakat\",el:[900,900,768,960,720],type:'standard',shdw:'0',gh:[900,900,743,565,349],gw:[1240,1240,1024,778,480],vpt:['-200px'],size:{fullWidth:true, fullHeight:true},fho:',0px',mh:'0',onh:0,onw:0,bg:{color:'{\"orig\":\"transparent\",\"type\":\"solid\",\"string\":\"transparent\"}'},plType:'2',plColor:'#08335e'});   SR7.PMH[\"wildplakat\"].state=true;} else if(SR7.PMH[\"wildplakat\"].cn-->0)\tsetTimeout( SR7.PMH[\"wildplakat\"].fn,19);}};SR7.PMH[\"wildplakat\" ].fn();\n\t\t\t\t<\/script>\n[\/vc_column][\/vc_row]<\/p>\n<\/div>","protected":false},"excerpt":{"rendered":"<p>[vc_row row_type=\u00a0\u00bbrow\u00a0\u00bb use_row_as_full_screen_section=\u00a0\u00bbno\u00a0\u00bb type=\u00a0\u00bbfull_width\u00a0\u00bb text_align=\u00a0\u00bbleft\u00a0\u00bb background_animation=\u00a0\u00bbfrom-right\u00a0\u00bb css_animation=\u00a0\u00bb\u00a0\u00bb bwd_show_when_date=\u00a0\u00bb__\/__\/____ __:__\u00a0\u00bb bwd_show_when_date_end=\u00a0\u00bb__\/__\/____ __:__\u00a0\u00bb el_class=\u00a0\u00bbfull_section_centered_content\u00a0\u00bb][vc_column css_animation=\u00a0\u00bbfadeInDown\u00a0\u00bb offset=\u00a0\u00bbvc_col-lg-6 vc_col-md-12 vc_col-sm-offset-0 vc_col-xs-12&Prime;][vc_column_text] Sauvage, cr\u00e9atif, mais l\u00e9gal. [\/vc_column_text][vc_empty_space height=\u00a0\u00bb30px\u00a0\u00bb][vc_column_text]NOUS PLA\u00c7ONS VOTRE MARQUE DIRECTEMENT DANS LA RUE ET LA RENDONS DURABLEMENT VISIBLE POUR VOTRE GROUPE CIBLE. &nbsp; Gr\u00e2ce \u00e0 notre grande vari\u00e9t\u00e9&#8230;<\/p>\n","protected":false},"author":1,"featured_media":0,"parent":0,"menu_order":0,"comment_status":"closed","ping_status":"closed","template":"full_width.php","meta":{"footnotes":""},"class_list":["post-22887","page","type-page","status-publish","hentry"],"yoast_head":"<!-- This site is optimized with the Yoast SEO plugin v27.5 - https:\/\/yoast.com\/product\/yoast-seo-wordpress\/ -->\n<title>Affichage sauvage - Mihai. media solutions GmbH<\/title>\n<meta name=\"robots\" content=\"noindex, nofollow\" \/>\n<meta property=\"og:locale\" content=\"fr_FR\" \/>\n<meta property=\"og:type\" content=\"article\" \/>\n<meta property=\"og:title\" content=\"Affichage sauvage - Mihai. media solutions GmbH\" \/>\n<meta property=\"og:description\" content=\"[vc_row row_type=\u00a0\u00bbrow\u00a0\u00bb use_row_as_full_screen_section=\u00a0\u00bbno\u00a0\u00bb type=\u00a0\u00bbfull_width\u00a0\u00bb text_align=\u00a0\u00bbleft\u00a0\u00bb background_animation=\u00a0\u00bbfrom-right\u00a0\u00bb css_animation=\u00a0\u00bb\u00a0\u00bb bwd_show_when_date=\u00a0\u00bb__\/__\/____ __:__\u00a0\u00bb bwd_show_when_date_end=\u00a0\u00bb__\/__\/____ __:__\u00a0\u00bb el_class=\u00a0\u00bbfull_section_centered_content\u00a0\u00bb][vc_column css_animation=\u00a0\u00bbfadeInDown\u00a0\u00bb offset=\u00a0\u00bbvc_col-lg-6 vc_col-md-12 vc_col-sm-offset-0 vc_col-xs-12&Prime;][vc_column_text] Sauvage, cr\u00e9atif, mais l\u00e9gal. [\/vc_column_text][vc_empty_space height=\u00a0\u00bb30px\u00a0\u00bb][vc_column_text]NOUS PLA\u00c7ONS VOTRE MARQUE DIRECTEMENT DANS LA RUE ET LA RENDONS DURABLEMENT VISIBLE POUR VOTRE GROUPE CIBLE. &nbsp; Gr\u00e2ce \u00e0 notre grande vari\u00e9t\u00e9...\" \/>\n<meta property=\"og:url\" content=\"https:\/\/www.mihai.de\/fr\/affichagesauvage\/\" \/>\n<meta property=\"og:site_name\" content=\"Mihai. media solutions GmbH\" \/>\n<meta property=\"article:publisher\" content=\"https:\/\/www.facebook.com\/mihai.gmbh\" \/>\n<meta property=\"article:modified_time\" content=\"2022-11-16T12:50:54+00:00\" \/>\n<meta name=\"twitter:card\" content=\"summary_large_image\" \/>\n<meta name=\"twitter:label1\" content=\"Dur\u00e9e de lecture estim\u00e9e\" \/>\n\t<meta name=\"twitter:data1\" content=\"1 minute\" \/>\n<script type=\"application\/ld+json\" class=\"yoast-schema-graph\">{\"@context\":\"https:\\\/\\\/schema.org\",\"@graph\":[{\"@type\":\"WebPage\",\"@id\":\"https:\\\/\\\/www.mihai.de\\\/fr\\\/affichagesauvage\\\/\",\"url\":\"https:\\\/\\\/www.mihai.de\\\/fr\\\/affichagesauvage\\\/\",\"name\":\"Affichage sauvage - Mihai. media solutions GmbH\",\"isPartOf\":{\"@id\":\"https:\\\/\\\/www.mihai.de\\\/fr\\\/#website\"},\"datePublished\":\"2022-11-13T15:44:41+00:00\",\"dateModified\":\"2022-11-16T12:50:54+00:00\",\"breadcrumb\":{\"@id\":\"https:\\\/\\\/www.mihai.de\\\/fr\\\/affichagesauvage\\\/#breadcrumb\"},\"inLanguage\":\"fr-FR\",\"potentialAction\":[{\"@type\":\"ReadAction\",\"target\":[\"https:\\\/\\\/www.mihai.de\\\/fr\\\/affichagesauvage\\\/\"]}]},{\"@type\":\"BreadcrumbList\",\"@id\":\"https:\\\/\\\/www.mihai.de\\\/fr\\\/affichagesauvage\\\/#breadcrumb\",\"itemListElement\":[{\"@type\":\"ListItem\",\"position\":1,\"name\":\"Startseite\",\"item\":\"https:\\\/\\\/www.mihai.de\\\/fr\\\/\"},{\"@type\":\"ListItem\",\"position\":2,\"name\":\"Affichage sauvage\"}]},{\"@type\":\"WebSite\",\"@id\":\"https:\\\/\\\/www.mihai.de\\\/fr\\\/#website\",\"url\":\"https:\\\/\\\/www.mihai.de\\\/fr\\\/\",\"name\":\"Mihai. media solutions GmbH\",\"description\":\"Ihr zuverl\u00e4ssiger Fullserviceanbieter und kompetenter Partner f\u00fcr Mediaplanung\",\"publisher\":{\"@id\":\"https:\\\/\\\/www.mihai.de\\\/fr\\\/#organization\"},\"potentialAction\":[{\"@type\":\"SearchAction\",\"target\":{\"@type\":\"EntryPoint\",\"urlTemplate\":\"https:\\\/\\\/www.mihai.de\\\/fr\\\/?s={search_term_string}\"},\"query-input\":{\"@type\":\"PropertyValueSpecification\",\"valueRequired\":true,\"valueName\":\"search_term_string\"}}],\"inLanguage\":\"fr-FR\"},{\"@type\":\"Organization\",\"@id\":\"https:\\\/\\\/www.mihai.de\\\/fr\\\/#organization\",\"name\":\"Mihai. media solutions GmbH\",\"url\":\"https:\\\/\\\/www.mihai.de\\\/fr\\\/\",\"logo\":{\"@type\":\"ImageObject\",\"inLanguage\":\"fr-FR\",\"@id\":\"https:\\\/\\\/www.mihai.de\\\/fr\\\/#\\\/schema\\\/logo\\\/image\\\/\",\"url\":\"https:\\\/\\\/www.mihai.de\\\/wp-content\\\/uploads\\\/2021\\\/02\\\/netzwerk-logo_mihai.png\",\"contentUrl\":\"https:\\\/\\\/www.mihai.de\\\/wp-content\\\/uploads\\\/2021\\\/02\\\/netzwerk-logo_mihai.png\",\"width\":320,\"height\":320,\"caption\":\"Mihai. media solutions GmbH\"},\"image\":{\"@id\":\"https:\\\/\\\/www.mihai.de\\\/fr\\\/#\\\/schema\\\/logo\\\/image\\\/\"},\"sameAs\":[\"https:\\\/\\\/www.facebook.com\\\/mihai.gmbh\"]}]}<\/script>\n<!-- \/ Yoast SEO plugin. -->","yoast_head_json":{"title":"Affichage sauvage - Mihai. media solutions GmbH","robots":{"index":"noindex","follow":"nofollow"},"og_locale":"fr_FR","og_type":"article","og_title":"Affichage sauvage - Mihai. media solutions GmbH","og_description":"[vc_row row_type=\u00a0\u00bbrow\u00a0\u00bb use_row_as_full_screen_section=\u00a0\u00bbno\u00a0\u00bb type=\u00a0\u00bbfull_width\u00a0\u00bb text_align=\u00a0\u00bbleft\u00a0\u00bb background_animation=\u00a0\u00bbfrom-right\u00a0\u00bb css_animation=\u00a0\u00bb\u00a0\u00bb bwd_show_when_date=\u00a0\u00bb__\/__\/____ __:__\u00a0\u00bb bwd_show_when_date_end=\u00a0\u00bb__\/__\/____ __:__\u00a0\u00bb el_class=\u00a0\u00bbfull_section_centered_content\u00a0\u00bb][vc_column css_animation=\u00a0\u00bbfadeInDown\u00a0\u00bb offset=\u00a0\u00bbvc_col-lg-6 vc_col-md-12 vc_col-sm-offset-0 vc_col-xs-12&Prime;][vc_column_text] Sauvage, cr\u00e9atif, mais l\u00e9gal. [\/vc_column_text][vc_empty_space height=\u00a0\u00bb30px\u00a0\u00bb][vc_column_text]NOUS PLA\u00c7ONS VOTRE MARQUE DIRECTEMENT DANS LA RUE ET LA RENDONS DURABLEMENT VISIBLE POUR VOTRE GROUPE CIBLE. &nbsp; Gr\u00e2ce \u00e0 notre grande vari\u00e9t\u00e9...","og_url":"https:\/\/www.mihai.de\/fr\/affichagesauvage\/","og_site_name":"Mihai. media solutions GmbH","article_publisher":"https:\/\/www.facebook.com\/mihai.gmbh","article_modified_time":"2022-11-16T12:50:54+00:00","twitter_card":"summary_large_image","twitter_misc":{"Dur\u00e9e de lecture estim\u00e9e":"1 minute"},"schema":{"@context":"https:\/\/schema.org","@graph":[{"@type":"WebPage","@id":"https:\/\/www.mihai.de\/fr\/affichagesauvage\/","url":"https:\/\/www.mihai.de\/fr\/affichagesauvage\/","name":"Affichage sauvage - Mihai. media solutions GmbH","isPartOf":{"@id":"https:\/\/www.mihai.de\/fr\/#website"},"datePublished":"2022-11-13T15:44:41+00:00","dateModified":"2022-11-16T12:50:54+00:00","breadcrumb":{"@id":"https:\/\/www.mihai.de\/fr\/affichagesauvage\/#breadcrumb"},"inLanguage":"fr-FR","potentialAction":[{"@type":"ReadAction","target":["https:\/\/www.mihai.de\/fr\/affichagesauvage\/"]}]},{"@type":"BreadcrumbList","@id":"https:\/\/www.mihai.de\/fr\/affichagesauvage\/#breadcrumb","itemListElement":[{"@type":"ListItem","position":1,"name":"Startseite","item":"https:\/\/www.mihai.de\/fr\/"},{"@type":"ListItem","position":2,"name":"Affichage sauvage"}]},{"@type":"WebSite","@id":"https:\/\/www.mihai.de\/fr\/#website","url":"https:\/\/www.mihai.de\/fr\/","name":"Mihai. media solutions GmbH","description":"Ihr zuverl\u00e4ssiger Fullserviceanbieter und kompetenter Partner f\u00fcr Mediaplanung","publisher":{"@id":"https:\/\/www.mihai.de\/fr\/#organization"},"potentialAction":[{"@type":"SearchAction","target":{"@type":"EntryPoint","urlTemplate":"https:\/\/www.mihai.de\/fr\/?s={search_term_string}"},"query-input":{"@type":"PropertyValueSpecification","valueRequired":true,"valueName":"search_term_string"}}],"inLanguage":"fr-FR"},{"@type":"Organization","@id":"https:\/\/www.mihai.de\/fr\/#organization","name":"Mihai. media solutions GmbH","url":"https:\/\/www.mihai.de\/fr\/","logo":{"@type":"ImageObject","inLanguage":"fr-FR","@id":"https:\/\/www.mihai.de\/fr\/#\/schema\/logo\/image\/","url":"https:\/\/www.mihai.de\/wp-content\/uploads\/2021\/02\/netzwerk-logo_mihai.png","contentUrl":"https:\/\/www.mihai.de\/wp-content\/uploads\/2021\/02\/netzwerk-logo_mihai.png","width":320,"height":320,"caption":"Mihai. media solutions GmbH"},"image":{"@id":"https:\/\/www.mihai.de\/fr\/#\/schema\/logo\/image\/"},"sameAs":["https:\/\/www.facebook.com\/mihai.gmbh"]}]}},"_links":{"self":[{"href":"https:\/\/www.mihai.de\/fr\/wp-json\/wp\/v2\/pages\/22887","targetHints":{"allow":["GET"]}}],"collection":[{"href":"https:\/\/www.mihai.de\/fr\/wp-json\/wp\/v2\/pages"}],"about":[{"href":"https:\/\/www.mihai.de\/fr\/wp-json\/wp\/v2\/types\/page"}],"author":[{"embeddable":true,"href":"https:\/\/www.mihai.de\/fr\/wp-json\/wp\/v2\/users\/1"}],"replies":[{"embeddable":true,"href":"https:\/\/www.mihai.de\/fr\/wp-json\/wp\/v2\/comments?post=22887"}],"version-history":[{"count":6,"href":"https:\/\/www.mihai.de\/fr\/wp-json\/wp\/v2\/pages\/22887\/revisions"}],"predecessor-version":[{"id":22894,"href":"https:\/\/www.mihai.de\/fr\/wp-json\/wp\/v2\/pages\/22887\/revisions\/22894"}],"wp:attachment":[{"href":"https:\/\/www.mihai.de\/fr\/wp-json\/wp\/v2\/media?parent=22887"}],"curies":[{"name":"wp","href":"https:\/\/api.w.org\/{rel}","templated":true}]}}